{"id":383,"date":"2022-11-14T17:15:36","date_gmt":"2022-11-14T17:15:36","guid":{"rendered":"https:\/\/kunsttherapie-himmelblau.de\/?page_id=383"},"modified":"2023-04-15T09:39:46","modified_gmt":"2023-04-15T09:39:46","slug":"wie-ihnen-kunsttherapie-helfen-kann-landshut","status":"publish","type":"page","link":"https:\/\/kunsttherapie-himmelblau.de\/index.php\/wie-ihnen-kunsttherapie-helfen-kann-landshut\/","title":{"rendered":"M\u00f6glichkeiten der Kunsttherapie"},"content":{"rendered":"\n<div id=\"wp-block-themeisle-blocks-advanced-columns-be0926c0\" class=\"wp-block-themeisle-blocks-advanced-columns has-1-columns has-desktop-equal-layout has-tablet-equal-layout has-mobile-equal-layout has-vertical-unset\"><div class=\"wp-block-themeisle-blocks-advanced-columns-overlay\"><\/div><div class=\"innerblocks-wrap\">\n<div id=\"wp-block-themeisle-blocks-advanced-column-60cae3dd\" class=\"wp-block-themeisle-blocks-advanced-column\">\n<div class=\"wp-block-columns is-layout-flex wp-container-core-columns-is-layout-9d6595d7 wp-block-columns-is-layout-flex\">\n<div class=\"wp-block-column is-layout-flow wp-block-column-is-layout-flow\">\n<figure class=\"wp-block-image size-large\"><img data-recalc-dims=\"1\" decoding=\"async\" width=\"1024\" height=\"1024\" data-src=\"https:\/\/i0.wp.com\/kunsttherapie-himmelblau.de\/wp-content\/uploads\/2022\/12\/Mama-Saeulen-Resilienz2.png?resize=1024%2C1024&#038;ssl=1\" alt=\"\" class=\"wp-image-489 lazyload\" data-srcset=\"https:\/\/i0.wp.com\/kunsttherapie-himmelblau.de\/wp-content\/uploads\/2022\/12\/Mama-Saeulen-Resilienz2.png?resize=1024%2C1024&amp;ssl=1 1024w, https:\/\/i0.wp.com\/kunsttherapie-himmelblau.de\/wp-content\/uploads\/2022\/12\/Mama-Saeulen-Resilienz2.png?resize=300%2C300&amp;ssl=1 300w, https:\/\/i0.wp.com\/kunsttherapie-himmelblau.de\/wp-content\/uploads\/2022\/12\/Mama-Saeulen-Resilienz2.png?resize=150%2C150&amp;ssl=1 150w, https:\/\/i0.wp.com\/kunsttherapie-himmelblau.de\/wp-content\/uploads\/2022\/12\/Mama-Saeulen-Resilienz2.png?resize=768%2C768&amp;ssl=1 768w, https:\/\/i0.wp.com\/kunsttherapie-himmelblau.de\/wp-content\/uploads\/2022\/12\/Mama-Saeulen-Resilienz2.png?w=1080&amp;ssl=1 1080w\" data-sizes=\"(max-width: 1024px) 100vw, 1024px\" src=\"data:image\/gif;base64,R0lGODlhAQABAAAAACH5BAEKAAEALAAAAAABAAEAAAICTAEAOw==\" style=\"--smush-placeholder-width: 1024px; --smush-placeholder-aspect-ratio: 1024\/1024;\" \/><\/figure>\n<\/div>\n\n\n\n<div class=\"wp-block-column is-layout-flow wp-block-column-is-layout-flow\">\n<p>Ein Bild oder Objekt kann oft sehr viel klarer eine Situation oder ein Gef\u00fchl ausdr\u00fccken als viele, viele Worte.<\/p>\n\n\n\n<p>Die Ausdrucksmittel gehen dabei weit \u00fcber das Zeichnen und Malen hinaus. Auch mittels Plastiken, Tanz und Gesang, Verkleidungen, Briefen oder Texten und Inneneinrichtungen k\u00f6nnen Sie Ihre Gef\u00fchle gut darstellen.<\/p>\n\n\n\n<p>Durch das Gestalten kommen Sie im Hier und Jetzt an, im Augenblick. Dadurch entsteht Entspannung. Sie kommen in Kontakt zu Ihrem inneren Ich und zur Umgebung und k\u00f6nnen mit Ihrer Kreativit\u00e4t Spuren hinterlassen. Sie finden Ihre F\u00e4higkeiten und St\u00e4rken und k\u00f6nnen mit diesen Ressourcen Ihre Resilienz erweitern.<\/p>\n\n\n\n<p>Mit der Kreativit\u00e4t k\u00f6nnen wir das Unbewusste nach au\u00dfen bringen und sichtbar machen. Dadurch k\u00f6nnen wir uns und die Welt um uns herum besser verstehen. Die Kunsttherapie kann Probleme bewusst machen, wenn anfangs noch die Worte fehlen, indem das Thema dargestellt wird. So besteht die M\u00f6glichkeit, die Empfindungen umzuwandeln und sich aus schwierigen Situationen zu befreien. Durch Ihr Eigenpotential, das jeder in sich tr\u00e4gt, sollen Ihre Ressourcen f\u00fcr die Heilung gefunden und gest\u00e4rkt werden. So ist eine Neuausrichtung m\u00f6glich.&nbsp; Die M\u00f6glichkeiten der Gestaltung sind unendlich: Papier mit den unterschiedlichsten Farben, Gr\u00f6\u00dfen und St\u00e4rken, sowie Stifte, Ton, Stoffe, Texte, Theater, Tanz und Bewegung, Naturmaterialien und vieles mehr. Im Mittelpunkt steht die st\u00e4rkende und heilende Wirkung des Gestaltungsprozesses. Die Inspiration und Fantasie, die beim Gestalten eines Werkes zum Vorschein kommen, gehen \u00fcber in Intelligenz das eigene Thema zu bearbeiten.<\/p>\n<\/div>\n<\/div>\n<\/div>\n<\/div><\/div>\n\n\n\n<div class=\"wp-block-columns is-layout-flex wp-container-core-columns-is-layout-9d6595d7 wp-block-columns-is-layout-flex\">\n<div class=\"wp-block-column is-layout-flow wp-block-column-is-layout-flow\">\n<h2 class=\"wp-block-heading has-neve-link-hover-color-color has-text-color\"><strong>Kunsttherapie in der Seniorenbetreuung<\/strong><\/h2>\n<\/div>\n<\/div>\n\n\n\n<div class=\"wp-block-columns is-layout-flex wp-container-core-columns-is-layout-9d6595d7 wp-block-columns-is-layout-flex\">\n<div class=\"wp-block-column is-layout-flow wp-block-column-is-layout-flow\">\n<p>Als Erg\u00e4nzung zummedizinischen und pflegerischen Angebot k\u00fcmmere ich mich um die psychischen, sozialen und spirituellen Bed\u00fcrfnisse der Senioren.<\/p>\n\n\n\n<p>Kunsttherapie ist eine begleitende Behandlung. Wer sich auf Kreativit\u00e4t\u00a0 einl\u00e4sst, kann heilende Wirkung erfahren. Die M\u00f6glichkeit des eigenen Gestaltens ist ein positives Erlebnis. Durch kreatives Tun wird neue Kraft gesch\u00f6pft. W\u00e4hrend und nach dem Malen oder kreativen Arbeitens sind die Menschen wacher und aufmerksamer. Dadurch steigert sich die Lebensqualit\u00e4t der Senioren und die Kosten im Gesundheitsbereich k\u00f6nnen sich reduzieren.<\/p>\n\n\n\n<p>Die Materialien und Motive sollen selbst gew\u00e4hlt werden, da der Selbstausdruck wichtig ist. Die Aktivierung der Menschen ist das Wichtigste und kann mit allen f\u00fcnf Sinnen geschehen. Es k\u00f6nnen z. Bsp. Gegenst\u00e4nde in die Hand genommen werden, dadurch wird der Tastsinn sensibilisiert und die Beweglichkeit der Gelenke trainiert. An den Gegenst\u00e4nden kann gerochen werden und Erinnerungen an fr\u00fcher tauchen auf, \u00fcber die gesprochen werden kann und so das Ged\u00e4chtnis und die Wortfindung aktiviert werden. Manche Gegenst\u00e4nde machen T\u00f6ne und Ger\u00e4usche, womit das Geh\u00f6r und die Achtsamkeit gefordert sind. Manches kann man Essen oder Trinken, so wird der Geschmacksinn differenziert. Die Gegenst\u00e4nde kann man nat\u00fcrlich auch sehen und sich dar\u00fcber in der Gruppe austauschen. So entstehen verst\u00e4rkt soziale Kontakte, die wichtiger als Medikamente sind und der Einsamkeit vorbeugen.<\/p>\n\n\n\n<p>Ich biete Gruppen f\u00fcr 4-\u00a0 8 Teilnehmer an. Sie dauern 1 \u00bd\u00a0 Stunden und kosten 90.- \u20ac + Material + Anfahrt.<\/p>\n<\/div>\n<\/div>\n\n\n\n<div style=\"height:34px\" aria-hidden=\"true\" class=\"wp-block-spacer\"><\/div>\n\n\n\n<h2 class=\"wp-block-heading has-neve-link-color-color has-text-color\"><strong>Kunsttherapie bei Krebspatienten<\/strong><\/h2>\n\n\n\n<p>Viel neue Kraft k\u00f6nnen die Teilnehmer durch die Besch\u00e4ftigung mit Farben und verschiedenen Materialien w\u00e4hrend der Kunsttherapie sch\u00f6pfen. Alle Sinne werden befriedigt. Dadurch steigert sich das Wohlbefinden und Stress wird abgebaut.<\/p>\n\n\n\n<p>Die eigenen Gef\u00fchle k\u00f6nnen ausgedr\u00fcckt werden, wenn die Worte noch fehlen. So sieht man klarer und Unsicherheiten werden verringert. Neue Wege k\u00f6nnen erstmal auf \u201ePapier\u201c ausprobiert werden. Eigene Denkmuster und Handlungen k\u00f6nnen beobachtet, \u00fcberpr\u00fcft und ge\u00e4ndert werden. Die Patienten k\u00f6nnen sich weiterentwickeln, verwandeln und Entscheidungen treffen, die ihnen gut tun. Die Kunsttherapie im gesch\u00fctzten Raum kann so Sicherheit geben.<\/p>\n\n\n\n<p>Niemand muss sch\u00f6n malen k\u00f6nnen. Es geht darum sich mit verschiedenen Materialien auszudr\u00fccken, Kontakt zu sich selbst zu bekommen und zu st\u00e4rken. Beim Malen und Werkeln treffen die Patienten selbst die Entscheidung, was sie malen und wie sie etwas gestalten. Sie gewinnen so die Kontrolle \u00fcber ihr eigene Sache zur\u00fcck.<\/p>\n\n\n\n<p>W\u00e4hrend des Kreativseins ist man im Hier und Jetzt und entspannt dadurch. Die Krankheit tritt in diesem Moment in den Hintergrund, ebenso die Schmerzen.<\/p>\n\n\n\n<p>Ich biete sowohl Gruppenstunden an als auch Einzeltermine.<\/p>\n\n\n\n<p>Die Schweigepflicht ist selbstverst\u00e4ndlich.<\/p>\n\n\n\n<div style=\"height:30px\" aria-hidden=\"true\" class=\"wp-block-spacer\"><\/div>\n\n\n\n<h2 class=\"wp-block-heading has-neve-link-hover-color-color has-text-color\"><strong>Kunsttherapie bei bettl\u00e4gerigen Patienten<\/strong><\/h2>\n\n\n\n<p>Als Kunsttherapeutin biete ich auch Einzeltermine an f\u00fcr Menschen, die nicht mobil sind. Mit meinem selbstgen\u00e4hten Knietablett \/ Kniekissen komme ich zu Ihnen ans Sofa oder Bett. Sie haben eine feste Malunterlage, die Sie wahlweise waagerecht oder schr\u00e4g stellen k\u00f6nnen.<\/p>\n\n\n\n<p>In jeder Lebenslage k\u00f6nnen Sie sich kreativ mit Ihren Themen auseinandersetzen und Zugang zu Ihren Gef\u00fchlen bekommen. Dadurch wird die Seele freier, Sie k\u00f6nnen sich entspannen und Schmerzen werden reduzieren.<\/p>\n\n\n\n<div class=\"wp-block-columns is-layout-flex wp-container-core-columns-is-layout-9d6595d7 wp-block-columns-is-layout-flex\">\n<div class=\"wp-block-column is-layout-flow wp-block-column-is-layout-flow\"><\/div>\n\n\n\n<div class=\"wp-block-column is-layout-flow wp-block-column-is-layout-flow\"><\/div>\n\n\n\n<div class=\"wp-block-column is-layout-flow wp-block-column-is-layout-flow\"><\/div>\n<\/div>\n\n\n\n<p>Eine weitere M\u00f6glichkeit f\u00fcr mobileingeschr\u00e4nkte Menschen ist das sogenannte Bilddiktat. Wenn Sie keine Stifte oder Pinsel halten k\u00f6nnen, ist Kunsttherapie dennoch m\u00f6glich. Sie erkl\u00e4ren mir ganz genau, was ich in Ihrem Auftrag malen soll. Durch das Wortesuchen und Formulieren der S\u00e4tze besch\u00e4ftigen Sie sich mit Ihrem Anliegen. Das fertige Bild wirkt auf Ihre Gef\u00fchle und Gedanken, die Sichtweise auf die Dinge k\u00f6nnen sich \u00e4ndern. Sie gewinnen so die Kontrolle \u00fcber ihr eigene Sache.<\/p>\n\n\n\n<div style=\"height:33px\" aria-hidden=\"true\" class=\"wp-block-spacer\"><\/div>\n","protected":false},"excerpt":{"rendered":"<p>Kunsttherapie in der Seniorenbetreuung Als Erg\u00e4nzung zummedizinischen und pflegerischen Angebot k\u00fcmmere ich mich um die psychischen, sozialen und spirituellen Bed\u00fcrfnisse der Senioren. Kunsttherapie ist eine begleitende Behandlung. Wer sich auf Kreativit\u00e4t\u00a0 einl\u00e4sst, kann heilende Wirkung erfahren. Die M\u00f6glichkeit des eigenen Gestaltens ist ein positives Erlebnis. Durch kreatives Tun wird neue Kraft gesch\u00f6pft. W\u00e4hrend und nach&hellip;&nbsp;<a href=\"https:\/\/kunsttherapie-himmelblau.de\/index.php\/wie-ihnen-kunsttherapie-helfen-kann-landshut\/\" class=\"\" rel=\"bookmark\">Weiterlesen &raquo;<span class=\"screen-reader-text\">M\u00f6glichkeiten der Kunsttherapie<\/span><\/a><\/p>\n","protected":false},"author":1,"featured_media":0,"parent":0,"menu_order":0,"comment_status":"closed","ping_status":"closed","template":"","meta":{"neve_meta_sidebar":"","neve_meta_container":"","neve_meta_enable_content_width":"","neve_meta_content_width":0,"neve_meta_title_alignment":"","neve_meta_author_avatar":"","neve_post_elements_order":"","neve_meta_disable_header":"","neve_meta_disable_footer":"","neve_meta_disable_title":"","_themeisle_gutenberg_block_has_review":false,"footnotes":""},"class_list":["post-383","page","type-page","status-publish","hentry"],"yoast_head":"<!-- This site is optimized with the Yoast SEO plugin v25.2 - https:\/\/yoast.com\/wordpress\/plugins\/seo\/ -->\n<title>M\u00f6glichkeiten der Kunsttherapie - Kunsttherapie Himmelblau<\/title>\n<meta name=\"description\" content=\"In der Kunsttherapie Himmelblau von Agnes Gerisch-Busch gibt es vielf\u00e4ltige M\u00f6glichkeiten wie ihnen Kunsttherapie in Ihrem Leben helfen kann\" \/>\n<meta name=\"robots\" content=\"index, follow, max-snippet:-1, max-image-preview:large, max-video-preview:-1\" \/>\n<link rel=\"canonical\" href=\"https:\/\/kunsttherapie-himmelblau.de\/index.php\/wie-ihnen-kunsttherapie-helfen-kann-landshut\/\" \/>\n<meta property=\"og:locale\" content=\"de_DE\" \/>\n<meta property=\"og:type\" content=\"article\" \/>\n<meta property=\"og:title\" content=\"M\u00f6glichkeiten der Kunsttherapie - Kunsttherapie Himmelblau\" \/>\n<meta property=\"og:description\" content=\"In der Kunsttherapie Himmelblau von Agnes Gerisch-Busch gibt es vielf\u00e4ltige M\u00f6glichkeiten wie ihnen Kunsttherapie in Ihrem Leben helfen kann\" \/>\n<meta property=\"og:url\" content=\"https:\/\/kunsttherapie-himmelblau.de\/index.php\/wie-ihnen-kunsttherapie-helfen-kann-landshut\/\" \/>\n<meta property=\"og:site_name\" content=\"Kunsttherapie Himmelblau\" \/>\n<meta property=\"article:modified_time\" content=\"2023-04-15T09:39:46+00:00\" \/>\n<meta property=\"og:image\" content=\"https:\/\/kunsttherapie-himmelblau.de\/wp-content\/uploads\/2022\/12\/Mama-Saeulen-Resilienz2-1024x1024.png\" \/>\n<meta name=\"twitter:card\" content=\"summary_large_image\" \/>\n<meta name=\"twitter:label1\" content=\"Gesch\u00e4tzte Lesezeit\" \/>\n\t<meta name=\"twitter:data1\" content=\"5\u00a0Minuten\" \/>\n<script type=\"application\/ld+json\" class=\"yoast-schema-graph\">{\"@context\":\"https:\/\/schema.org\",\"@graph\":[{\"@type\":\"WebPage\",\"@id\":\"https:\/\/kunsttherapie-himmelblau.de\/index.php\/wie-ihnen-kunsttherapie-helfen-kann-landshut\/\",\"url\":\"https:\/\/kunsttherapie-himmelblau.de\/index.php\/wie-ihnen-kunsttherapie-helfen-kann-landshut\/\",\"name\":\"M\u00f6glichkeiten der Kunsttherapie - Kunsttherapie Himmelblau\",\"isPartOf\":{\"@id\":\"https:\/\/kunsttherapie-himmelblau.de\/#website\"},\"primaryImageOfPage\":{\"@id\":\"https:\/\/kunsttherapie-himmelblau.de\/index.php\/wie-ihnen-kunsttherapie-helfen-kann-landshut\/#primaryimage\"},\"image\":{\"@id\":\"https:\/\/kunsttherapie-himmelblau.de\/index.php\/wie-ihnen-kunsttherapie-helfen-kann-landshut\/#primaryimage\"},\"thumbnailUrl\":\"https:\/\/kunsttherapie-himmelblau.de\/wp-content\/uploads\/2022\/12\/Mama-Saeulen-Resilienz2-1024x1024.png\",\"datePublished\":\"2022-11-14T17:15:36+00:00\",\"dateModified\":\"2023-04-15T09:39:46+00:00\",\"description\":\"In der Kunsttherapie Himmelblau von Agnes Gerisch-Busch gibt es vielf\u00e4ltige M\u00f6glichkeiten wie ihnen Kunsttherapie in Ihrem Leben helfen kann\",\"breadcrumb\":{\"@id\":\"https:\/\/kunsttherapie-himmelblau.de\/index.php\/wie-ihnen-kunsttherapie-helfen-kann-landshut\/#breadcrumb\"},\"inLanguage\":\"de\",\"potentialAction\":[{\"@type\":\"ReadAction\",\"target\":[\"https:\/\/kunsttherapie-himmelblau.de\/index.php\/wie-ihnen-kunsttherapie-helfen-kann-landshut\/\"]}]},{\"@type\":\"ImageObject\",\"inLanguage\":\"de\",\"@id\":\"https:\/\/kunsttherapie-himmelblau.de\/index.php\/wie-ihnen-kunsttherapie-helfen-kann-landshut\/#primaryimage\",\"url\":\"https:\/\/i0.wp.com\/kunsttherapie-himmelblau.de\/wp-content\/uploads\/2022\/12\/Mama-Saeulen-Resilienz2.png?fit=1080%2C1080&ssl=1\",\"contentUrl\":\"https:\/\/i0.wp.com\/kunsttherapie-himmelblau.de\/wp-content\/uploads\/2022\/12\/Mama-Saeulen-Resilienz2.png?fit=1080%2C1080&ssl=1\",\"width\":1080,\"height\":1080},{\"@type\":\"BreadcrumbList\",\"@id\":\"https:\/\/kunsttherapie-himmelblau.de\/index.php\/wie-ihnen-kunsttherapie-helfen-kann-landshut\/#breadcrumb\",\"itemListElement\":[{\"@type\":\"ListItem\",\"position\":1,\"name\":\"Startseite\",\"item\":\"https:\/\/kunsttherapie-himmelblau.de\/\"},{\"@type\":\"ListItem\",\"position\":2,\"name\":\"M\u00f6glichkeiten der Kunsttherapie\"}]},{\"@type\":\"WebSite\",\"@id\":\"https:\/\/kunsttherapie-himmelblau.de\/#website\",\"url\":\"https:\/\/kunsttherapie-himmelblau.de\/\",\"name\":\"Kunsttherapie Himmelblau\",\"description\":\"Agnes Gerisch-Busch Kunsttherapie\",\"potentialAction\":[{\"@type\":\"SearchAction\",\"target\":{\"@type\":\"EntryPoint\",\"urlTemplate\":\"https:\/\/kunsttherapie-himmelblau.de\/?s={search_term_string}\"},\"query-input\":{\"@type\":\"PropertyValueSpecification\",\"valueRequired\":true,\"valueName\":\"search_term_string\"}}],\"inLanguage\":\"de\"}]}<\/script>\n<!-- \/ Yoast SEO plugin. -->","yoast_head_json":{"title":"M\u00f6glichkeiten der Kunsttherapie - Kunsttherapie Himmelblau","description":"In der Kunsttherapie Himmelblau von Agnes Gerisch-Busch gibt es vielf\u00e4ltige M\u00f6glichkeiten wie ihnen Kunsttherapie in Ihrem Leben helfen kann","robots":{"index":"index","follow":"follow","max-snippet":"max-snippet:-1","max-image-preview":"max-image-preview:large","max-video-preview":"max-video-preview:-1"},"canonical":"https:\/\/kunsttherapie-himmelblau.de\/index.php\/wie-ihnen-kunsttherapie-helfen-kann-landshut\/","og_locale":"de_DE","og_type":"article","og_title":"M\u00f6glichkeiten der Kunsttherapie - Kunsttherapie Himmelblau","og_description":"In der Kunsttherapie Himmelblau von Agnes Gerisch-Busch gibt es vielf\u00e4ltige M\u00f6glichkeiten wie ihnen Kunsttherapie in Ihrem Leben helfen kann","og_url":"https:\/\/kunsttherapie-himmelblau.de\/index.php\/wie-ihnen-kunsttherapie-helfen-kann-landshut\/","og_site_name":"Kunsttherapie Himmelblau","article_modified_time":"2023-04-15T09:39:46+00:00","og_image":[{"url":"https:\/\/kunsttherapie-himmelblau.de\/wp-content\/uploads\/2022\/12\/Mama-Saeulen-Resilienz2-1024x1024.png","type":"","width":"","height":""}],"twitter_card":"summary_large_image","twitter_misc":{"Gesch\u00e4tzte Lesezeit":"5\u00a0Minuten"},"schema":{"@context":"https:\/\/schema.org","@graph":[{"@type":"WebPage","@id":"https:\/\/kunsttherapie-himmelblau.de\/index.php\/wie-ihnen-kunsttherapie-helfen-kann-landshut\/","url":"https:\/\/kunsttherapie-himmelblau.de\/index.php\/wie-ihnen-kunsttherapie-helfen-kann-landshut\/","name":"M\u00f6glichkeiten der Kunsttherapie - Kunsttherapie Himmelblau","isPartOf":{"@id":"https:\/\/kunsttherapie-himmelblau.de\/#website"},"primaryImageOfPage":{"@id":"https:\/\/kunsttherapie-himmelblau.de\/index.php\/wie-ihnen-kunsttherapie-helfen-kann-landshut\/#primaryimage"},"image":{"@id":"https:\/\/kunsttherapie-himmelblau.de\/index.php\/wie-ihnen-kunsttherapie-helfen-kann-landshut\/#primaryimage"},"thumbnailUrl":"https:\/\/kunsttherapie-himmelblau.de\/wp-content\/uploads\/2022\/12\/Mama-Saeulen-Resilienz2-1024x1024.png","datePublished":"2022-11-14T17:15:36+00:00","dateModified":"2023-04-15T09:39:46+00:00","description":"In der Kunsttherapie Himmelblau von Agnes Gerisch-Busch gibt es vielf\u00e4ltige M\u00f6glichkeiten wie ihnen Kunsttherapie in Ihrem Leben helfen kann","breadcrumb":{"@id":"https:\/\/kunsttherapie-himmelblau.de\/index.php\/wie-ihnen-kunsttherapie-helfen-kann-landshut\/#breadcrumb"},"inLanguage":"de","potentialAction":[{"@type":"ReadAction","target":["https:\/\/kunsttherapie-himmelblau.de\/index.php\/wie-ihnen-kunsttherapie-helfen-kann-landshut\/"]}]},{"@type":"ImageObject","inLanguage":"de","@id":"https:\/\/kunsttherapie-himmelblau.de\/index.php\/wie-ihnen-kunsttherapie-helfen-kann-landshut\/#primaryimage","url":"https:\/\/i0.wp.com\/kunsttherapie-himmelblau.de\/wp-content\/uploads\/2022\/12\/Mama-Saeulen-Resilienz2.png?fit=1080%2C1080&ssl=1","contentUrl":"https:\/\/i0.wp.com\/kunsttherapie-himmelblau.de\/wp-content\/uploads\/2022\/12\/Mama-Saeulen-Resilienz2.png?fit=1080%2C1080&ssl=1","width":1080,"height":1080},{"@type":"BreadcrumbList","@id":"https:\/\/kunsttherapie-himmelblau.de\/index.php\/wie-ihnen-kunsttherapie-helfen-kann-landshut\/#breadcrumb","itemListElement":[{"@type":"ListItem","position":1,"name":"Startseite","item":"https:\/\/kunsttherapie-himmelblau.de\/"},{"@type":"ListItem","position":2,"name":"M\u00f6glichkeiten der Kunsttherapie"}]},{"@type":"WebSite","@id":"https:\/\/kunsttherapie-himmelblau.de\/#website","url":"https:\/\/kunsttherapie-himmelblau.de\/","name":"Kunsttherapie Himmelblau","description":"Agnes Gerisch-Busch Kunsttherapie","potentialAction":[{"@type":"SearchAction","target":{"@type":"EntryPoint","urlTemplate":"https:\/\/kunsttherapie-himmelblau.de\/?s={search_term_string}"},"query-input":{"@type":"PropertyValueSpecification","valueRequired":true,"valueName":"search_term_string"}}],"inLanguage":"de"}]}},"jetpack_sharing_enabled":true,"_links":{"self":[{"href":"https:\/\/kunsttherapie-himmelblau.de\/index.php\/wp-json\/wp\/v2\/pages\/383","targetHints":{"allow":["GET"]}}],"collection":[{"href":"https:\/\/kunsttherapie-himmelblau.de\/index.php\/wp-json\/wp\/v2\/pages"}],"about":[{"href":"https:\/\/kunsttherapie-himmelblau.de\/index.php\/wp-json\/wp\/v2\/types\/page"}],"author":[{"embeddable":true,"href":"https:\/\/kunsttherapie-himmelblau.de\/index.php\/wp-json\/wp\/v2\/users\/1"}],"replies":[{"embeddable":true,"href":"https:\/\/kunsttherapie-himmelblau.de\/index.php\/wp-json\/wp\/v2\/comments?post=383"}],"version-history":[{"count":7,"href":"https:\/\/kunsttherapie-himmelblau.de\/index.php\/wp-json\/wp\/v2\/pages\/383\/revisions"}],"predecessor-version":[{"id":532,"href":"https:\/\/kunsttherapie-himmelblau.de\/index.php\/wp-json\/wp\/v2\/pages\/383\/revisions\/532"}],"wp:attachment":[{"href":"https:\/\/kunsttherapie-himmelblau.de\/index.php\/wp-json\/wp\/v2\/media?parent=383"}],"curies":[{"name":"wp","href":"https:\/\/api.w.org\/{rel}","templated":true}]}}